{"id":876,"date":"2017-12-18T17:12:51","date_gmt":"2017-12-18T16:12:51","guid":{"rendered":"http:\/\/www.fsrm-kids.ch\/site\/?page_id=876"},"modified":"2019-03-14T14:59:32","modified_gmt":"2019-03-14T13:59:32","slug":"photos","status":"publish","type":"page","link":"https:\/\/www.fsrm-kids.ch\/site\/photos\/","title":{"rendered":"Photos"},"content":{"rendered":"<h1>Galeries photos de nos ateliers en 2018<\/h1>\n<table style=\"border-color: #bd7c31; background-color: #ffffff; width: 446.567px;\" border=\"10\" cellspacing=\"10\" cellpadding=\"10\">\n<caption>\u00a0<\/caption>\n<tbody>\n<tr style=\"border-color: #000000;\">\n<td style=\"width: 141px;\"><strong>12 d\u00e9cembre 2018<\/strong><\/td>\n<td style=\"width: 284.567px;\"><a href=\"http:\/\/www.fsrm-kids.ch\/site\/galleries\/2018-12-12\" target=\"_blank\" rel=\"noopener\">Drawdio \u00e0 Neuch\u00e2tel<\/a><\/td>\n<\/tr>\n<tr style=\"border-color: #000000;\">\n<td style=\"width: 141px;\"><strong>5 d\u00e9cembre 2018<\/strong><\/td>\n<td style=\"width: 284.567px;\"><a href=\"http:\/\/www.fsrm-kids.ch\/site\/galleries\/2018-12-05\" target=\"_blank\" rel=\"noopener\">Drawdio \u00e0 Sainte-Croix<\/a><\/td>\n<\/tr>\n<tr style=\"border-color: #000000;\">\n<td style=\"width: 141px;\"><strong>28 novembre 2018<\/strong><\/td>\n<td style=\"width: 284.567px;\"><a href=\"http:\/\/www.fsrm-kids.ch\/site\/galleries\/2018-11-28\" target=\"_blank\" rel=\"noopener\">Thymio le petit robot \u00e0 Saint-Imier<\/a><\/td>\n<\/tr>\n<tr style=\"border-color: #000000;\">\n<td style=\"width: 141px;\"><strong>21 novembre 2018<\/strong><\/td>\n<td style=\"width: 284.567px;\"><a href=\"http:\/\/www.fsrm-kids.ch\/site\/galleries\/2018-11-21\" target=\"_blank\" rel=\"noopener\">Mr. N\u00e9on au Locle<\/a><\/td>\n<\/tr>\n<tr style=\"border-color: #000000;\">\n<td style=\"width: 141px;\"><strong>14 novembre 2018<\/strong><\/td>\n<td style=\"width: 284.567px;\"><a href=\"http:\/\/www.fsrm-kids.ch\/site\/galleries\/2018-11-14\" target=\"_blank\" rel=\"noopener\">JP4 \u00e0 Del\u00e9mont<\/a><\/td>\n<\/tr>\n<tr style=\"border-color: #000000;\">\n<td style=\"width: 141px;\"><strong>7 novembre 2018<\/strong><\/td>\n<td style=\"width: 284.567px;\"><a href=\"http:\/\/www.fsrm-kids.ch\/site\/galleries\/2018-11-07\" target=\"_blank\" rel=\"noopener\">Bricolages solaires au Sentier<\/a><\/td>\n<\/tr>\n<tr style=\"border-color: #000000;\">\n<td style=\"width: 141px;\"><strong>31 octobre 2018<\/strong><\/td>\n<td style=\"width: 284.567px;\"><a href=\"http:\/\/www.fsrm-kids.ch\/site\/galleries\/2018-10-31\" target=\"_blank\" rel=\"noopener\">Drawdio \u00e0 Moutier<\/a><\/td>\n<\/tr>\n<tr style=\"border-color: #000000;\">\n<td style=\"width: 141px;\"><strong>10 octobre 2018<\/strong><\/td>\n<td style=\"width: 284.567px;\"><a href=\"http:\/\/www.fsrm-kids.ch\/site\/galleries\/2018-10-10\" target=\"_blank\" rel=\"noopener\">Thymio le petit robot \u00e0 Sainte-Croix<\/a><\/td>\n<\/tr>\n<tr style=\"border-color: #000000;\">\n<td style=\"width: 141px;\"><strong>3 octobre 2018<\/strong><\/td>\n<td style=\"width: 284.567px;\"><a href=\"http:\/\/www.fsrm-kids.ch\/site\/galleries\/2018-10-03\" target=\"_blank\" rel=\"noopener\">Drawdio au Locle<\/a><\/td>\n<\/tr>\n<tr style=\"border-color: #000000;\">\n<td style=\"width: 141px;\"><strong>19 septembre 2018<\/strong><\/td>\n<td style=\"width: 284.567px;\"><a href=\"http:\/\/www.fsrm-kids.ch\/site\/galleries\/2018-09-19\" target=\"_blank\" rel=\"noopener\">Mr. N\u00e9on \u00e0 Saint-Imier<\/a><\/td>\n<\/tr>\n<tr style=\"border-color: #000000;\">\n<td style=\"width: 141px;\"><strong>12 septembre 2018<\/strong><\/td>\n<td style=\"width: 284.567px;\"><a href=\"http:\/\/www.fsrm-kids.ch\/site\/galleries\/2018-09-12\" target=\"_blank\" rel=\"noopener\">Bricolages solaires \u00e0 Porrentruy<\/a><\/td>\n<\/tr>\n<tr style=\"border-color: #000000;\">\n<td style=\"width: 141px;\"><span style=\"font-size: 10pt;\"><strong>5 septembre 2018<\/strong><\/span><\/td>\n<td style=\"width: 284.567px;\"><a href=\"http:\/\/www.fsrm-kids.ch\/site\/galleries\/2018-09-05\" target=\"_blank\" rel=\"noopener\">Thymio le petit robot \u00e0 Del\u00e9mont<\/a><\/td>\n<\/tr>\n<tr style=\"border-color: #000000;\">\n<td style=\"width: 141px;\"><span style=\"font-size: 10pt;\"><strong>20 juin 2018<\/strong><\/span><\/td>\n<td style=\"width: 284.567px;\"><a href=\"http:\/\/www.fsrm-kids.ch\/site\/galleries\/2018-06-20\" target=\"_blank\" rel=\"noopener\">Bricolages solaires \u00e0 moutier<\/a><\/td>\n<\/tr>\n<tr style=\"border-color: #000000;\">\n<td style=\"width: 141px;\"><span style=\"font-size: 10pt;\"><strong>13 juin 2018<\/strong><\/span><\/td>\n<td style=\"width: 284.567px;\"><a href=\"http:\/\/www.fsrm-kids.ch\/site\/galleries\/2018-06-13\">Thymio le petit robot \u00e0 Neuch\u00e2tel<\/a><\/td>\n<\/tr>\n<tr>\n<td style=\"width: 141px;\"><span style=\"font-size: 10pt;\"><strong>6 juin 2018<\/strong><\/span><\/td>\n<td style=\"width: 284.567px;\"><a href=\"http:\/\/www.fsrm-kids.ch\/site\/galleries\/2018-06-06\" target=\"_blank\" rel=\"noopener\">JP4 \u00e0 Moutier<\/a><\/td>\n<\/tr>\n<tr>\n<td style=\"width: 141px;\"><span style=\"font-size: 10pt;\"><strong>30 mai 2018<\/strong><\/span><\/td>\n<td style=\"width: 284.567px;\"><a href=\"http:\/\/www.fsrm-kids.ch\/site\/galleries\/2018-05-30\" target=\"_blank\" rel=\"noopener\">Drawdio \u00e0 Saint-Imier<\/a><\/td>\n<\/tr>\n<tr>\n<td style=\"width: 141px;\"><span style=\"font-size: 10pt;\"><strong>23 mai 2018<\/strong><\/span><\/td>\n<td style=\"width: 284.567px;\"><a href=\"http:\/\/www.fsrm-kids.ch\/site\/galleries\/2018-05-23\" target=\"_blank\" rel=\"noopener\">Thymio le petit robot \u00e0 Del\u00e9mont<\/a><\/td>\n<\/tr>\n<tr>\n<td style=\"width: 141px;\"><span style=\"font-size: 10pt;\"><strong>16 mai 2018<\/strong><\/span><\/td>\n<td style=\"width: 284.567px;\"><a href=\"http:\/\/www.fsrm-kids.ch\/site\/galleries\/2018-05-16\" target=\"_blank\" rel=\"noopener\">JP4 \u00e0 Del\u00e9mont<\/a><\/td>\n<\/tr>\n<tr>\n<td style=\"width: 141px;\"><span style=\"font-size: 10pt;\"><strong>9 mai 2018<\/strong><\/span><\/td>\n<td style=\"width: 284.567px;\"><a href=\"http:\/\/www.fsrm-kids.ch\/site\/galleries\/2018-05-09\" target=\"_blank\" rel=\"noopener\">Mr. N\u00e9on \u00e0 Saint-Imier<\/a><\/td>\n<\/tr>\n<tr>\n<td style=\"width: 141px;\"><span style=\"font-size: 10pt;\"><strong>2 mai 2018<\/strong><\/span><\/td>\n<td style=\"width: 284.567px;\"><a href=\"http:\/\/www.fsrm-kids.ch\/site\/galleries\/2018-05-02\" target=\"_blank\" rel=\"noopener\">Drawdio \u00e0 Porrentruy<\/a><\/td>\n<\/tr>\n<tr>\n<td style=\"width: 141px;\"><span style=\"font-size: 10pt;\"><strong>25 avril 2018<\/strong><\/span><\/td>\n<td style=\"width: 284.567px;\"><a href=\"http:\/\/www.fsrm-kids.ch\/site\/galleries\/2018-04-25\" target=\"_blank\" rel=\"noopener\">Bricolages solaires au Locle<\/a><\/td>\n<\/tr>\n<tr>\n<td style=\"width: 141px;\"><span style=\"font-size: 10pt;\"><strong>28 mars 2018<\/strong><\/span><\/td>\n<td style=\"width: 284.567px;\"><a href=\"http:\/\/www.fsrm-kids.ch\/site\/galleries\/2018-03-28\" target=\"_blank\" rel=\"noopener\">Mr N\u00e9on \u00e0 Neuch\u00e2tel<\/a><\/td>\n<\/tr>\n<tr>\n<td style=\"width: 141px;\"><span style=\"font-size: 10pt;\"><strong><span style=\"font-family: trebuchet ms, geneva, sans-serif;\">21 mars 2018<\/span><\/strong><\/span><\/td>\n<td style=\"width: 284.567px;\"><span style=\"font-size: 10pt;\"><a href=\"http:\/\/www.fsrm-kids.ch\/site\/galleries\/2018-03-21\">Bricolages solaires \u00e0 Del\u00e9mont<\/a><\/span><\/td>\n<\/tr>\n<tr>\n<td style=\"width: 141px;\"><span style=\"font-size: 10pt;\"><strong><span style=\"font-family: trebuchet ms, geneva, sans-serif;\">14 mars 2018<\/span><\/strong><\/span><\/td>\n<td style=\"width: 284.567px;\"><span style=\"font-size: 10pt;\"><a href=\"http:\/\/www.fsrm-kids.ch\/site\/galleries\/2018-03-14\">Bricolages solaires \u00e0 Moutier<\/a><\/span><\/td>\n<\/tr>\n<tr>\n<td style=\"width: 141px;\"><span style=\"font-size: 10pt;\"><strong>7 mars 2018<\/strong><\/span><\/td>\n<td style=\"width: 284.567px;\"><span style=\"font-size: 10pt;\"><a href=\"http:\/\/www.fsrm-kids.ch\/site\/galleries\/2018-03-07\">JP4 \u00e0 Porrentruy<\/a><\/span><\/td>\n<\/tr>\n<tr>\n<td style=\"width: 141px;\"><span style=\"font-size: 10pt;\"><strong>28 f\u00e9vrier 2018<\/strong><\/span><\/td>\n<td style=\"width: 284.567px;\"><span style=\"font-size: 10pt;\"><a href=\"http:\/\/www.fsrm-kids.ch\/site\/galleries\/2018-2-28\">Thymio le petit robot \u00e0 Sainte-Croix<\/a><\/span><\/td>\n<\/tr>\n<tr>\n<td style=\"width: 141px;\"><span style=\"font-size: 10pt;\"><strong>14 f\u00e9vrier 2018<\/strong><\/span><\/td>\n<td style=\"width: 284.567px;\"><span style=\"font-size: 10pt;\"><a href=\"http:\/\/www.fsrm-kids.ch\/site\/galleries\/2018-2-14\">Bricolages solaires \u00e0 Neuch\u00e2tel<\/a><\/span><\/td>\n<\/tr>\n<tr>\n<td style=\"width: 141px;\"><span style=\"font-size: 10pt;\"><strong>7 f\u00e9vrier 2018<\/strong><\/span><\/td>\n<td style=\"width: 284.567px;\"><span style=\"font-size: 10pt;\"><a href=\"http:\/\/www.fsrm-kids.ch\/site\/galleries\/2018-02-07\" target=\"_blank\" rel=\"noopener\">Mr N\u00e9on \u00e0 Del\u00e9mont<\/a><\/span><\/td>\n<\/tr>\n<tr>\n<td style=\"width: 141px;\"><span style=\"font-size: 10pt;\"><strong>31 janvier 2018<\/strong><\/span><\/td>\n<td style=\"width: 284.567px;\"><span style=\"font-size: 10pt;\"><a href=\"http:\/\/www.fsrm-kids.ch\/site\/galleries\/2018-01-31\" target=\"_blank\" rel=\"noopener\">Thymio le petit robot \u00e0 Saint-Imier<\/a><\/span><\/td>\n<\/tr>\n<tr>\n<td style=\"width: 141px;\"><span style=\"font-size: 10pt;\"><strong>24 janvier 2018<\/strong><\/span><\/td>\n<td style=\"width: 284.567px;\"><span style=\"font-size: 10pt;\"><a href=\"http:\/\/www.fsrm-kids.ch\/site\/galleries\/2018-01-24\" target=\"_blank\" rel=\"noopener\">JP4 au Sentier<\/a><\/span><\/td>\n<\/tr>\n<tr>\n<td style=\"width: 141px;\"><span style=\"font-size: 10pt;\"><strong>17 janvier 2018<\/strong><\/span><\/td>\n<td style=\"width: 284.567px;\"><span style=\"font-size: 10pt;\"><a href=\"http:\/\/www.fsrm-kids.ch\/site\/galleries\/2018-01-17\" target=\"_blank\" rel=\"noopener\">JP4 \u00e0 Sainte-Croix<\/a><\/span><\/td>\n<\/tr>\n<\/tbody>\n<\/table>\n<p><a href=\"http:\/\/www.fsrm-kids.ch\/site\/wp-content\/uploads\/2017\/12\/20171206_152851.jpg\"><img loading=\"lazy\" class=\"wp-image-884  alignleft\" src=\"http:\/\/www.fsrm-kids.ch\/site\/wp-content\/uploads\/2017\/12\/20171206_152851-150x150.jpg\" alt=\"\" width=\"196\" height=\"196\" \/><\/a><\/p>\n","protected":false},"excerpt":{"rendered":"<p>Galeries photos de nos ateliers en 2018 \u00a0 12 d\u00e9cembre 2018 Drawdio \u00e0 Neuch\u00e2tel 5 d\u00e9cembre 2018 Drawdio \u00e0 Sainte-Croix 28 novembre 2018 Thymio le petit robot \u00e0 Saint-Imier 21 novembre 2018 Mr. N\u00e9on au Locle 14 novembre 2018 JP4 \u00e0 Del\u00e9mont 7 novembre 2018 Bricolages solaires au Sentier 31 octobre 2018 Drawdio \u00e0 Moutier [&hellip;]<\/p>\n","protected":false},"author":3,"featured_media":0,"parent":0,"menu_order":0,"comment_status":"closed","ping_status":"closed","template":"","meta":[],"_links":{"self":[{"href":"https:\/\/www.fsrm-kids.ch\/site\/wp-json\/wp\/v2\/pages\/876"}],"collection":[{"href":"https:\/\/www.fsrm-kids.ch\/site\/wp-json\/wp\/v2\/pages"}],"about":[{"href":"https:\/\/www.fsrm-kids.ch\/site\/wp-json\/wp\/v2\/types\/page"}],"author":[{"embeddable":true,"href":"https:\/\/www.fsrm-kids.ch\/site\/wp-json\/wp\/v2\/users\/3"}],"replies":[{"embeddable":true,"href":"https:\/\/www.fsrm-kids.ch\/site\/wp-json\/wp\/v2\/comments?post=876"}],"version-history":[{"count":57,"href":"https:\/\/www.fsrm-kids.ch\/site\/wp-json\/wp\/v2\/pages\/876\/revisions"}],"predecessor-version":[{"id":1457,"href":"https:\/\/www.fsrm-kids.ch\/site\/wp-json\/wp\/v2\/pages\/876\/revisions\/1457"}],"wp:attachment":[{"href":"https:\/\/www.fsrm-kids.ch\/site\/wp-json\/wp\/v2\/media?parent=876"}],"curies":[{"name":"wp","href":"https:\/\/api.w.org\/{rel}","templated":true}]}}