{"id":1355,"date":"2018-12-17T22:03:42","date_gmt":"2018-12-17T21:03:42","guid":{"rendered":"http:\/\/www.fsrm-kids.ch\/site\/?page_id=1355"},"modified":"2026-04-23T10:06:29","modified_gmt":"2026-04-23T09:06:29","slug":"programme","status":"publish","type":"page","link":"https:\/\/www.fsrm-kids.ch\/site\/programme\/","title":{"rendered":"Programme"},"content":{"rendered":"\t\t<div class=\"elementor elementor-1355\">\n\t\t\t<div class=\"elementor-inner\">\n\t\t\t\t<div class=\"elementor-section-wrap\">\n\t\t\t\t\t\t\t<section data-id=\"774b70b\" class=\"elementor-element elementor-element-774b70b elementor-section-boxed elementor-section-height-default elementor-section-height-default elementor-section elementor-top-section\" data-element_type=\"section\">\n\t\t\t\t\t\t<div class=\"elementor-container elementor-column-gap-default\">\n\t\t\t\t<div class=\"elementor-row\">\n\t\t\t\t<div data-id=\"b597a5c\" class=\"elementor-element elementor-element-b597a5c elementor-column elementor-col-100 elementor-top-column\" data-element_type=\"column\">\n\t\t\t<div class=\"elementor-column-wrap elementor-element-populated\">\n\t\t\t\t\t<div class=\"elementor-widget-wrap\">\n\t\t\t\t<div data-id=\"6cd8e83\" class=\"elementor-element elementor-element-6cd8e83 elementor-widget elementor-widget-heading\" data-element_type=\"heading.default\">\n\t\t\t\t<div class=\"elementor-widget-container\">\n\t\t\t<h2 class=\"elementor-heading-title elementor-size-default\">Ateliers du 1er semestre 2026<\/h2>\t\t<\/div>\n\t\t\t\t<\/div>\n\t\t\t\t<div data-id=\"86a6012\" class=\"elementor-element elementor-element-86a6012 elementor-widget elementor-widget-text-editor\" data-element_type=\"text-editor.default\">\n\t\t\t\t<div class=\"elementor-widget-container\">\n\t\t\t\t\t<div class=\"elementor-text-editor elementor-clearfix\"><p><span style=\"color: #ff0000; font-size: 12pt;\">Les ateliers se d\u00e9roulent g\u00e9n\u00e9ralement de 14h \u00e0 16h. Les d\u00e9tails concernant le lieu de rendez-vous sont envoy\u00e9s aux parents une semaine avant l&#8217;atelier.<\/span><\/p><\/div>\n\t\t\t\t<\/div>\n\t\t\t\t<\/div>\n\t\t\t\t<div data-id=\"9e66b27\" class=\"elementor-element elementor-element-9e66b27 elementor-widget elementor-widget-wp-widget-custom_html\" data-element_type=\"wp-widget-custom_html.default\">\n\t\t\t\t<div class=\"elementor-widget-container\">\n\t\t\t<div class=\"textwidget custom-html-widget\"><table class=\"ateliers-table\">\r\n  <tr class=\"town-row\">\r\n    <td class=\"town-name\">Couvet<\/td>\r\n    <td class=\"atelier-list\"><ul>\r\n        <li><span class=\"atelier-date\">18.03.2026<\/span> : <a class=\"atelier-name\" href=\"https:\/\/www.fsrm-kids.ch\/site\/nos-ateliers\/\" target=\"_blank\" rel=\"noopener\">JP4<\/a> <span class=\"atelier-age\">(11-15 ans)<\/span> \u2192 <a href=\"https:\/\/www.fsrm-kids.ch\/reg2\/477\" class=\"atelier-link\">INSCRIPTION<\/a><\/li>\r\n        <li><span class=\"atelier-date\">27.05.2026<\/span> : <a class=\"atelier-name\" href=\"https:\/\/www.fsrm-kids.ch\/site\/nos-ateliers\/\" target=\"_blank\" rel=\"noopener\">Bricolage solaire<\/a> <span class=\"atelier-age\">(7-10 ans)<\/span> \u2192 <a href=\"https:\/\/www.fsrm-kids.ch\/reg2\/488\" class=\"atelier-link\">INSCRIPTION<\/a><\/li>\r\n      <\/ul><\/td>\r\n  <\/tr>\r\n  <tr class=\"town-row\">\r\n    <td class=\"town-name\">La Chaux-de-Fonds<\/td>\r\n    <td class=\"atelier-list\"><ul>\r\n        <li><span class=\"atelier-date\">28.01.2026<\/span> : <a class=\"atelier-name\" href=\"https:\/\/www.fsrm-kids.ch\/site\/nos-ateliers\/\" target=\"_blank\" rel=\"noopener\">Echappement<\/a> <span class=\"atelier-age\">(7-10 ans)<\/span> \u2192 <a href=\"https:\/\/www.fsrm-kids.ch\/reg2\/470\" class=\"atelier-link\">INSCRIPTION<\/a><\/li>\r\n        <li><span class=\"atelier-date\">25.03.2026<\/span> : <a class=\"atelier-name\" href=\"https:\/\/www.fsrm-kids.ch\/site\/nos-ateliers\/\" target=\"_blank\" rel=\"noopener\">Bricolage solaire<\/a> <span class=\"atelier-age\">(7-10 ans)<\/span> \u2192 <a href=\"https:\/\/www.fsrm-kids.ch\/reg2\/478\" class=\"atelier-link\">INSCRIPTION<\/a><\/li>\r\n\r\n<li><span class=\"atelier-date\">29.04.2026<\/span> : <a class=\"atelier-name\" href=\"https:\/\/www.fsrm-kids.ch\/site\/nos-ateliers\/\" target=\"_blank\" rel=\"noopener\">MechARMtronik<\/a> <span class=\"atelier-age\">(11-15 ans)<\/span> \u2192 <a href=\"https:\/\/www.fsrm-kids.ch\/reg2\/493\" class=\"atelier-link\">INSCRIPTION<\/a><\/li>\r\n\r\n        <li><span class=\"atelier-date\">20.05.2026<\/span> : <a class=\"atelier-name\" href=\"https:\/\/www.fsrm-kids.ch\/site\/nos-ateliers\/\" target=\"_blank\" rel=\"noopener\">Drawdio<\/a> <span class=\"atelier-age\">(11-15 ans)<\/span> \u2192 <a href=\"https:\/\/www.fsrm-kids.ch\/reg2\/487\" class=\"atelier-link\">INSCRIPTION<\/a><\/li>\r\n      <\/ul><\/td>\r\n  <\/tr>\r\n  <tr class=\"town-row\">\r\n    <td class=\"town-name\">La Chaux-du-Milieu<\/td>\r\n    <td class=\"atelier-list\"><ul>\r\n        <li><span class=\"atelier-date\">28.01.2026<\/span> : <a class=\"atelier-name\" href=\"https:\/\/www.fsrm-kids.ch\/site\/nos-ateliers\/\" target=\"_blank\" rel=\"noopener\">Boussole \u00e9lectronique<\/a> <span class=\"atelier-age\">(11-15 ans)<\/span> \u2192 <a href=\"https:\/\/www.fsrm-kids.ch\/reg2\/469\" class=\"atelier-link\">INSCRIPTION<\/a><\/li>\r\n        <li><span class=\"atelier-date\">29.04.2026<\/span> : <a class=\"atelier-name\" href=\"https:\/\/www.fsrm-kids.ch\/site\/nos-ateliers\/\" target=\"_blank\" rel=\"noopener\">Thymio<\/a> <span class=\"atelier-age\">(7-10 ans)<\/span> \u2192 <a href=\"https:\/\/www.fsrm-kids.ch\/reg2\/482\" class=\"atelier-link\">INSCRIPTION<\/a><\/li>\r\n      <\/ul><\/td>\r\n  <\/tr>\r\n  <tr class=\"town-row\">\r\n    <td class=\"town-name\">Le Locle<\/td>\r\n    <td class=\"atelier-list\"><ul>\r\n        <li><span class=\"atelier-date\">18.02.2026<\/span> : <a class=\"atelier-name\" href=\"https:\/\/www.fsrm-kids.ch\/site\/nos-ateliers\/\" target=\"_blank\" rel=\"noopener\">JP4<\/a> <span class=\"atelier-age\">(11-15 ans)<\/span> \u2192 <a href=\"https:\/\/www.fsrm-kids.ch\/reg2\/473\" class=\"atelier-link\">INSCRIPTION<\/a><\/li>\r\n        <li><span class=\"atelier-date\">06.05.2026<\/span> : <a class=\"atelier-name\" href=\"https:\/\/www.fsrm-kids.ch\/site\/nos-ateliers\/\" target=\"_blank\" rel=\"noopener\">Lampe de Poche<\/a> <span class=\"atelier-age\">(11-15 ans)<\/span> \u2192 <a href=\"https:\/\/www.fsrm-kids.ch\/reg2\/484\" class=\"atelier-link\">INSCRIPTION<\/a><\/li>\r\n        <li><span class=\"atelier-date\">13.05.2026<\/span> : <a class=\"atelier-name\" href=\"https:\/\/www.fsrm-kids.ch\/site\/nos-ateliers\/\" target=\"_blank\" rel=\"noopener\">Thymio<\/a> <span class=\"atelier-age\">(7-10 ans)<\/span> \u2192 <a href=\"https:\/\/www.fsrm-kids.ch\/reg2\/486\" class=\"atelier-link\">INSCRIPTION<\/a><\/li>\r\n      <\/ul><\/td>\r\n  <\/tr>\r\n  <tr class=\"town-row\">\r\n    <td class=\"town-name\">Le Sentier<\/td>\r\n    <td class=\"atelier-list\"><ul>\r\n        <li><span class=\"atelier-date\">11.02.2026<\/span> : <a class=\"atelier-name\" href=\"https:\/\/www.fsrm-kids.ch\/site\/nos-ateliers\/\" target=\"_blank\" rel=\"noopener\">Bricolage solaire<\/a> <span class=\"atelier-age\">(7-10 ans)<\/span> \u2192 <a href=\"https:\/\/www.fsrm-kids.ch\/reg2\/472\" class=\"atelier-link\">INSCRIPTION<\/a><\/li>\r\n        <li><span class=\"atelier-date\">03.06.2026<\/span> : <a class=\"atelier-name\" href=\"https:\/\/www.fsrm-kids.ch\/site\/nos-ateliers\/\" target=\"_blank\" rel=\"noopener\">Drawdio<\/a> <span class=\"atelier-age\">(11-15 ans)<\/span> \u2192 <a href=\"https:\/\/www.fsrm-kids.ch\/reg2\/490\" class=\"atelier-link\">INSCRIPTION<\/a><\/li>\r\n      <\/ul><\/td>\r\n  <\/tr>\r\n  <tr class=\"town-row\">\r\n    <td class=\"town-name\">Neuch\u00e2tel<\/td>\r\n    <td class=\"atelier-list\"><ul>\r\n        <li><span class=\"atelier-date\">21.01.2026<\/span> : <a class=\"atelier-name\" href=\"https:\/\/www.fsrm-kids.ch\/site\/nos-ateliers\/\" target=\"_blank\" rel=\"noopener\">Thymio<\/a> <span class=\"atelier-age\">(7-10 ans)<\/span> \u2192 <a href=\"https:\/\/www.fsrm-kids.ch\/reg2\/468\" class=\"atelier-link\">INSCRIPTION<\/a><\/li>\r\n\r\n        <li><span class=\"atelier-date\">04.03.2026<\/span> : <a class=\"atelier-name\" href=\"https:\/\/www.fsrm-kids.ch\/site\/nos-ateliers\/\" target=\"_blank\" rel=\"noopener\">MechARMtronik<\/a> <span class=\"atelier-age\">(11-15 ans)<\/span> \u2192 <a href=\"https:\/\/www.fsrm-kids.ch\/reg2\/492\" class=\"atelier-link\">INSCRIPTION<\/a><\/li>\r\n\r\n        <li><span class=\"atelier-date\">01.04.2026<\/span> : <a class=\"atelier-name\" href=\"https:\/\/www.fsrm-kids.ch\/site\/nos-ateliers\/\" target=\"_blank\" rel=\"noopener\">Mr Bender<\/a> <span class=\"atelier-age\">(11-15 ans)<\/span> \u2192 <a href=\"https:\/\/www.fsrm-kids.ch\/reg2\/479\" class=\"atelier-link\">INSCRIPTION<\/a><\/li>\r\n        <li><span class=\"atelier-date\">27.05.2026<\/span> : <a class=\"atelier-name\" href=\"https:\/\/www.fsrm-kids.ch\/site\/nos-ateliers\/\" target=\"_blank\" rel=\"noopener\">Echappement<\/a> <span class=\"atelier-age\">(7-10 ans)<\/span> \u2192 <a href=\"https:\/\/www.fsrm-kids.ch\/reg2\/489\" class=\"atelier-link\">INSCRIPTION<\/a><\/li>\r\n        <li><span class=\"atelier-date\">10.06.2026<\/span> : <a class=\"atelier-name\" href=\"https:\/\/www.fsrm-kids.ch\/site\/nos-ateliers\/\" target=\"_blank\" rel=\"noopener\">Drawdio<\/a> <span class=\"atelier-age\">(11-15 ans)<\/span> \u2192 <a href=\"https:\/\/www.fsrm-kids.ch\/reg2\/491\" class=\"atelier-link\">INSCRIPTION<\/a><\/li>\r\n      <\/ul><\/td>\r\n  <\/tr>\r\n  <tr class=\"town-row\">\r\n    <td class=\"town-name\">Porrentruy<\/td>\r\n    <td class=\"atelier-list\"><ul>\r\n        <li><span class=\"atelier-date\">11.03.2026<\/span> : <a class=\"atelier-name\" href=\"https:\/\/www.fsrm-kids.ch\/site\/nos-ateliers\/\" target=\"_blank\" rel=\"noopener\">JP4<\/a> <span class=\"atelier-age\">(11-15 ans)<\/span> \u2192 <a href=\"https:\/\/www.fsrm-kids.ch\/reg2\/476\" class=\"atelier-link\">INSCRIPTION<\/a><\/li>\r\n        <li><span class=\"atelier-date\">22.04.2026<\/span> : <a class=\"atelier-name\" href=\"https:\/\/www.fsrm-kids.ch\/site\/nos-ateliers\/\" target=\"_blank\" rel=\"noopener\">Thymio<\/a> <span class=\"atelier-age\">(7-10 ans)<\/span> \u2192 <a href=\"https:\/\/www.fsrm-kids.ch\/reg2\/481\" class=\"atelier-link\">INSCRIPTION<\/a><\/li>\r\n      <\/ul><\/td>\r\n  <\/tr>\r\n  <tr class=\"town-row\">\r\n    <td class=\"town-name\">Saint-Imier<\/td>\r\n    <td class=\"atelier-list\"><ul>\r\n        <li><span class=\"atelier-date\">04.03.2026<\/span> : <a class=\"atelier-name\" href=\"https:\/\/www.fsrm-kids.ch\/site\/nos-ateliers\/\" target=\"_blank\" rel=\"noopener\">NeoSand<\/a> <span class=\"atelier-age\">(11-15 ans)<\/span> \u2192 <a href=\"https:\/\/www.fsrm-kids.ch\/reg2\/474\" class=\"atelier-link\">INSCRIPTION<\/a><\/li>\r\n        <li><span class=\"atelier-date\">11.03.2026<\/span> : <a class=\"atelier-name\" href=\"https:\/\/www.fsrm-kids.ch\/site\/nos-ateliers\/\" target=\"_blank\" rel=\"noopener\">Lampe de poche<\/a> <span class=\"atelier-age\">(11-15 ans)<\/span> \u2192 <a href=\"https:\/\/www.fsrm-kids.ch\/reg2\/475\" class=\"atelier-link\">INSCRIPTION<\/a><\/li>\r\n        <li><span class=\"atelier-date\">06.05.2026<\/span> : <a class=\"atelier-name\" href=\"https:\/\/www.fsrm-kids.ch\/site\/nos-ateliers\/\" target=\"_blank\" rel=\"noopener\">Drawdio<\/a> <span class=\"atelier-age\">(11-15 ans)<\/span> \u2192 <a href=\"https:\/\/www.fsrm-kids.ch\/reg2\/483\" class=\"atelier-link\">INSCRIPTION<\/a><\/li>\r\n        <li><span class=\"atelier-date\">13.05.2026<\/span> : <a class=\"atelier-name\" href=\"https:\/\/www.fsrm-kids.ch\/site\/nos-ateliers\/\" target=\"_blank\" rel=\"noopener\">Lampe de poche<\/a> <span class=\"atelier-age\">(11-15 ans)<\/span> \u2192 <a href=\"https:\/\/www.fsrm-kids.ch\/reg2\/485\" class=\"atelier-link\">INSCRIPTION<\/a><\/li>\r\n      <\/ul><\/td>\r\n  <\/tr>\r\n  <tr class=\"town-row\">\r\n    <td class=\"town-name\">Sainte-Croix<\/td>\r\n    <td class=\"atelier-list\"><ul>\r\n        <li><span class=\"atelier-date\">04.02.2026<\/span> : <a class=\"atelier-name\" href=\"https:\/\/www.fsrm-kids.ch\/site\/nos-ateliers\/\" target=\"_blank\" rel=\"noopener\">JP4<\/a> <span class=\"atelier-age\">(11-15 ans)<\/span> \u2192 <a href=\"https:\/\/www.fsrm-kids.ch\/reg2\/471\" class=\"atelier-link\">INSCRIPTION<\/a><\/li>\r\n        <li><span class=\"atelier-date\">08.04.2026<\/span> : <a class=\"atelier-name\" href=\"https:\/\/www.fsrm-kids.ch\/site\/nos-ateliers\/\" target=\"_blank\" rel=\"noopener\">Bricolage solaire<\/a> <span class=\"atelier-age\">(7-10 ans)<\/span> \u2192 <a href=\"https:\/\/www.fsrm-kids.ch\/reg2\/480\" class=\"atelier-link\">INSCRIPTION<\/a><\/li>\r\n      <\/ul><\/td>\r\n  <\/tr>\r\n<\/table><\/div>\t\t<\/div>\n\t\t\t\t<\/div>\n\t\t\t\t\t\t<\/div>\n\t\t\t<\/div>\n\t\t<\/div>\n\t\t\t\t\t\t<\/div>\n\t\t\t<\/div>\n\t\t<\/section>\n\t\t\t\t\t\t<\/div>\n\t\t\t<\/div>\n\t\t<\/div>\n\t\t","protected":false},"excerpt":{"rendered":"<p>Ateliers du 1er semestre 2026 Les ateliers se d\u00e9roulent g\u00e9n\u00e9ralement de 14h \u00e0 16h. Les d\u00e9tails concernant le lieu de rendez-vous sont envoy\u00e9s aux parents une semaine avant l&#8217;atelier.<\/p>\n","protected":false},"author":3,"featured_media":0,"parent":0,"menu_order":0,"comment_status":"closed","ping_status":"closed","template":"","meta":[],"_links":{"self":[{"href":"https:\/\/www.fsrm-kids.ch\/site\/wp-json\/wp\/v2\/pages\/1355"}],"collection":[{"href":"https:\/\/www.fsrm-kids.ch\/site\/wp-json\/wp\/v2\/pages"}],"about":[{"href":"https:\/\/www.fsrm-kids.ch\/site\/wp-json\/wp\/v2\/types\/page"}],"author":[{"embeddable":true,"href":"https:\/\/www.fsrm-kids.ch\/site\/wp-json\/wp\/v2\/users\/3"}],"replies":[{"embeddable":true,"href":"https:\/\/www.fsrm-kids.ch\/site\/wp-json\/wp\/v2\/comments?post=1355"}],"version-history":[{"count":264,"href":"https:\/\/www.fsrm-kids.ch\/site\/wp-json\/wp\/v2\/pages\/1355\/revisions"}],"predecessor-version":[{"id":2763,"href":"https:\/\/www.fsrm-kids.ch\/site\/wp-json\/wp\/v2\/pages\/1355\/revisions\/2763"}],"wp:attachment":[{"href":"https:\/\/www.fsrm-kids.ch\/site\/wp-json\/wp\/v2\/media?parent=1355"}],"curies":[{"name":"wp","href":"https:\/\/api.w.org\/{rel}","templated":true}]}}