{"id":1292,"date":"2018-12-14T22:19:51","date_gmt":"2018-12-14T21:19:51","guid":{"rendered":"http:\/\/www.fsrm-kids.ch\/site\/?page_id=1292"},"modified":"2026-01-12T15:49:59","modified_gmt":"2026-01-12T14:49:59","slug":"nos-ateliers","status":"publish","type":"page","link":"https:\/\/www.fsrm-kids.ch\/site\/nos-ateliers\/","title":{"rendered":"Nos ateliers"},"content":{"rendered":"\t\t<div class=\"elementor elementor-1292\">\n\t\t\t<div class=\"elementor-inner\">\n\t\t\t\t<div class=\"elementor-section-wrap\">\n\t\t\t\t\t\t\t<section data-id=\"be8360b\" class=\"elementor-element elementor-element-be8360b elementor-section-boxed elementor-section-height-default elementor-section-height-default elementor-section elementor-top-section\" data-element_type=\"section\">\n\t\t\t\t\t\t<div class=\"elementor-container elementor-column-gap-default\">\n\t\t\t\t<div class=\"elementor-row\">\n\t\t\t\t<div data-id=\"4f5797b\" class=\"elementor-element elementor-element-4f5797b elementor-column elementor-col-100 elementor-top-column\" data-element_type=\"column\">\n\t\t\t<div class=\"elementor-column-wrap elementor-element-populated\">\n\t\t\t\t\t<div class=\"elementor-widget-wrap\">\n\t\t\t\t<div data-id=\"b27aa44\" class=\"elementor-element elementor-element-b27aa44 elementor-widget elementor-widget-heading\" data-element_type=\"heading.default\">\n\t\t\t\t<div class=\"elementor-widget-container\">\n\t\t\t<h1 class=\"elementor-heading-title elementor-size-default\">Pour les enfants de 7 \u00e0 10 ans<\/h1>\t\t<\/div>\n\t\t\t\t<\/div>\n\t\t\t\t\t\t<\/div>\n\t\t\t<\/div>\n\t\t<\/div>\n\t\t\t\t\t\t<\/div>\n\t\t\t<\/div>\n\t\t<\/section>\n\t\t\t\t<section data-id=\"7058ba2\" class=\"elementor-element elementor-element-7058ba2 elementor-section-boxed elementor-section-height-default elementor-section-height-default elementor-section elementor-top-section\" data-element_type=\"section\">\n\t\t\t\t\t\t<div class=\"elementor-container elementor-column-gap-wider\">\n\t\t\t\t<div class=\"elementor-row\">\n\t\t\t\t<div data-id=\"752691f\" class=\"elementor-element elementor-element-752691f elementor-column elementor-col-50 elementor-top-column\" data-element_type=\"column\">\n\t\t\t<div class=\"elementor-column-wrap elementor-element-populated\">\n\t\t\t\t\t<div class=\"elementor-widget-wrap\">\n\t\t\t\t<div data-id=\"b73a765\" class=\"elementor-element elementor-element-b73a765 elementor-position-top elementor-vertical-align-top elementor-widget elementor-widget-image-box\" data-element_type=\"image-box.default\">\n\t\t\t\t<div class=\"elementor-widget-container\">\n\t\t\t<div class=\"elementor-image-box-wrapper\"><figure class=\"elementor-image-box-img\"><img width=\"200\" height=\"160\" src=\"https:\/\/www.fsrm-kids.ch\/site\/wp-content\/uploads\/2018\/12\/bricosolaire.jpg\" class=\"attachment-full size-full\" alt=\"\" loading=\"lazy\" \/><\/figure><div class=\"elementor-image-box-content\"><h3 class=\"elementor-image-box-title\">Bricolages solaires<\/h3><p class=\"elementor-image-box-description\"><b>Un atelier d'introduction \u00e0 l'\u00e9nergie solaire.<\/b><br>\nInvente et bricole l\u2019objet solaire de ton choix et rends le mobile gr\u00e2ce \u00e0 l\u2019\u00e9nergie solaire. <br>Tu pourras l\u2019emporter \u00e0 la maison \u00e0 la fin de l\u2019atelier!<br>Horaire: 14h-16h<br><br><\/p><\/div><\/div>\t\t<\/div>\n\t\t\t\t<\/div>\n\t\t\t\t\t\t<\/div>\n\t\t\t<\/div>\n\t\t<\/div>\n\t\t\t\t<div data-id=\"1baa35f\" class=\"elementor-element elementor-element-1baa35f elementor-column elementor-col-50 elementor-top-column\" data-element_type=\"column\">\n\t\t\t<div class=\"elementor-column-wrap elementor-element-populated\">\n\t\t\t\t\t<div class=\"elementor-widget-wrap\">\n\t\t\t\t<div data-id=\"c9e2114\" class=\"elementor-element elementor-element-c9e2114 elementor-position-top elementor-vertical-align-top elementor-widget elementor-widget-image-box\" data-element_type=\"image-box.default\">\n\t\t\t\t<div class=\"elementor-widget-container\">\n\t\t\t<div class=\"elementor-image-box-wrapper\"><figure class=\"elementor-image-box-img\"><img width=\"200\" height=\"160\" src=\"https:\/\/www.fsrm-kids.ch\/site\/wp-content\/uploads\/2018\/12\/thymio.jpg\" class=\"attachment-full size-full\" alt=\"\" loading=\"lazy\" \/><\/figure><div class=\"elementor-image-box-content\"><h3 class=\"elementor-image-box-title\">Thymio le petit robot<\/h3><p class=\"elementor-image-box-description\"><b>Un atelier d'introduction \u00e0 la robotique.<\/b><br>Viens d\u00e9couvrir et t\u2019amuser avec Thymio, le petit robot qui rel\u00e8ve des d\u00e9fis et s\u2019exprime \u00e0 travers diff\u00e9rents comportements et diff\u00e9rentes couleurs!<br>Horaire: 14h-16h<br><br><small>(en partenariat avec <a href=\"http:\/\/www.robosphere.ch\" target=\"_blank\">Robosph\u00e8re<\/a>)<\/small><\/p><\/div><\/div>\t\t<\/div>\n\t\t\t\t<\/div>\n\t\t\t\t\t\t<\/div>\n\t\t\t<\/div>\n\t\t<\/div>\n\t\t\t\t\t\t<\/div>\n\t\t\t<\/div>\n\t\t<\/section>\n\t\t\t\t<section data-id=\"41fba66\" class=\"elementor-element elementor-element-41fba66 elementor-section-boxed elementor-section-height-default elementor-section-height-default elementor-section elementor-top-section\" data-element_type=\"section\">\n\t\t\t\t\t\t<div class=\"elementor-container elementor-column-gap-wider\">\n\t\t\t\t<div class=\"elementor-row\">\n\t\t\t\t<div data-id=\"4719553\" class=\"elementor-element elementor-element-4719553 elementor-column elementor-col-50 elementor-top-column\" data-element_type=\"column\">\n\t\t\t<div class=\"elementor-column-wrap elementor-element-populated\">\n\t\t\t\t\t<div class=\"elementor-widget-wrap\">\n\t\t\t\t<div data-id=\"85b0d70\" class=\"elementor-element elementor-element-85b0d70 elementor-position-top elementor-vertical-align-top elementor-widget elementor-widget-image-box\" data-element_type=\"image-box.default\">\n\t\t\t\t<div class=\"elementor-widget-container\">\n\t\t\t<div class=\"elementor-image-box-wrapper\"><figure class=\"elementor-image-box-img\"><img width=\"1920\" height=\"2560\" src=\"https:\/\/www.fsrm-kids.ch\/site\/wp-content\/uploads\/2025\/06\/IMG_4206-scaled.jpg\" class=\"attachment-full size-full\" alt=\"\" loading=\"lazy\" srcset=\"https:\/\/www.fsrm-kids.ch\/site\/wp-content\/uploads\/2025\/06\/IMG_4206-scaled.jpg 1920w, https:\/\/www.fsrm-kids.ch\/site\/wp-content\/uploads\/2025\/06\/IMG_4206-225x300.jpg 225w, https:\/\/www.fsrm-kids.ch\/site\/wp-content\/uploads\/2025\/06\/IMG_4206-768x1024.jpg 768w, https:\/\/www.fsrm-kids.ch\/site\/wp-content\/uploads\/2025\/06\/IMG_4206-1152x1536.jpg 1152w, https:\/\/www.fsrm-kids.ch\/site\/wp-content\/uploads\/2025\/06\/IMG_4206-1536x2048.jpg 1536w\" sizes=\"(max-width: 1920px) 100vw, 1920px\" \/><\/figure><div class=\"elementor-image-box-content\"><h3 class=\"elementor-image-box-title\">Echappement<\/h3><p class=\"elementor-image-box-description\"><b>Un atelier d'horlogerie<\/b><br>\nConstruis un \u00e9chappement horloger. C'est le coeur de la montre, qui fait Tic-Tac. <br>Tu pourras l\u2019emporter \u00e0 la maison \u00e0 la fin de l\u2019atelier!<br>Horaire: 14h-16h<br><br><\/p><\/div><\/div>\t\t<\/div>\n\t\t\t\t<\/div>\n\t\t\t\t\t\t<\/div>\n\t\t\t<\/div>\n\t\t<\/div>\n\t\t\t\t<div data-id=\"d5389c2\" class=\"elementor-element elementor-element-d5389c2 elementor-column elementor-col-50 elementor-top-column\" data-element_type=\"column\">\n\t\t\t<div class=\"elementor-column-wrap\">\n\t\t\t\t\t<div class=\"elementor-widget-wrap\">\n\t\t\t\t\t\t<\/div>\n\t\t\t<\/div>\n\t\t<\/div>\n\t\t\t\t\t\t<\/div>\n\t\t\t<\/div>\n\t\t<\/section>\n\t\t\t\t<section data-id=\"28e60bd\" class=\"elementor-element elementor-element-28e60bd elementor-section-boxed elementor-section-height-default elementor-section-height-default elementor-section elementor-top-section\" data-element_type=\"section\">\n\t\t\t\t\t\t<div class=\"elementor-container elementor-column-gap-default\">\n\t\t\t\t<div class=\"elementor-row\">\n\t\t\t\t<div data-id=\"dd068e7\" class=\"elementor-element elementor-element-dd068e7 elementor-column elementor-col-100 elementor-top-column\" data-element_type=\"column\">\n\t\t\t<div class=\"elementor-column-wrap elementor-element-populated\">\n\t\t\t\t\t<div class=\"elementor-widget-wrap\">\n\t\t\t\t<div data-id=\"c0bdf51\" class=\"elementor-element elementor-element-c0bdf51 elementor-widget elementor-widget-heading\" data-element_type=\"heading.default\">\n\t\t\t\t<div class=\"elementor-widget-container\">\n\t\t\t<h1 class=\"elementor-heading-title elementor-size-default\">Pour les enfants de 11 \u00e0 15 ans<\/h1>\t\t<\/div>\n\t\t\t\t<\/div>\n\t\t\t\t\t\t<\/div>\n\t\t\t<\/div>\n\t\t<\/div>\n\t\t\t\t\t\t<\/div>\n\t\t\t<\/div>\n\t\t<\/section>\n\t\t\t\t<section data-id=\"3113e5e\" class=\"elementor-element elementor-element-3113e5e elementor-section-full_width elementor-section-height-default elementor-section-height-default elementor-section elementor-top-section\" data-element_type=\"section\">\n\t\t\t\t\t\t<div class=\"elementor-container elementor-column-gap-wider\">\n\t\t\t\t<div class=\"elementor-row\">\n\t\t\t\t<div data-id=\"e76f0db\" class=\"elementor-element elementor-element-e76f0db elementor-column elementor-col-50 elementor-top-column\" data-element_type=\"column\">\n\t\t\t<div class=\"elementor-column-wrap elementor-element-populated\">\n\t\t\t\t\t<div class=\"elementor-widget-wrap\">\n\t\t\t\t<div data-id=\"2b68d5f\" class=\"elementor-element elementor-element-2b68d5f elementor-position-top elementor-vertical-align-top elementor-widget elementor-widget-image-box\" data-element_type=\"image-box.default\">\n\t\t\t\t<div class=\"elementor-widget-container\">\n\t\t\t<div class=\"elementor-image-box-wrapper\"><figure class=\"elementor-image-box-img\"><img width=\"200\" height=\"160\" src=\"https:\/\/www.fsrm-kids.ch\/site\/wp-content\/uploads\/2018\/12\/jp4.jpg\" class=\"attachment-large size-large\" alt=\"\" loading=\"lazy\" \/><\/figure><div class=\"elementor-image-box-content\"><h3 class=\"elementor-image-box-title\">JP4<\/h3><p class=\"elementor-image-box-description\"><b>Un atelier d'introduction \u00e0 l'\u00e9lectronique et \u00e0 la programmation.<\/b><br>Viens construire ton JP4 bas\u00e9 sur le syst\u00e8me informatique Arduino. Apr\u00e8s avoir assembl\u00e9 les composants en les soudant, tu pourras jouer \u00e0 Puissance 4, au Tic-Tac-Toe, faire d\u00e9filer du texte, de la musique, etc. <br>Tu pourras emporter ton JP4 avec toi.<br>Horaire: 14h-16h<br><br>(en partenariat avec le <a href=\"http:\/\/www.cpne.ch\" target=\"_blank\">CPNE<\/a>)<\/p><\/div><\/div>\t\t<\/div>\n\t\t\t\t<\/div>\n\t\t\t\t\t\t<\/div>\n\t\t\t<\/div>\n\t\t<\/div>\n\t\t\t\t<div data-id=\"ca2fa10\" class=\"elementor-element elementor-element-ca2fa10 elementor-column elementor-col-50 elementor-top-column\" data-element_type=\"column\">\n\t\t\t<div class=\"elementor-column-wrap elementor-element-populated\">\n\t\t\t\t\t<div class=\"elementor-widget-wrap\">\n\t\t\t\t<div data-id=\"5a0f32e\" class=\"elementor-element elementor-element-5a0f32e elementor-position-top elementor-vertical-align-top elementor-widget elementor-widget-image-box\" data-element_type=\"image-box.default\">\n\t\t\t\t<div class=\"elementor-widget-container\">\n\t\t\t<div class=\"elementor-image-box-wrapper\"><figure class=\"elementor-image-box-img\"><img width=\"200\" height=\"160\" src=\"https:\/\/www.fsrm-kids.ch\/site\/wp-content\/uploads\/2018\/12\/drawdio-1.jpg\" class=\"attachment-full size-full\" alt=\"\" loading=\"lazy\" \/><\/figure><div class=\"elementor-image-box-content\"><h3 class=\"elementor-image-box-title\">Drawdio<\/h3><p class=\"elementor-image-box-description\"><b>Atelier d'introduction \u00e0 l'\u00e9lectronique.<\/b><br>Viens t\u2019amuser avec le montage du kit \u00e9lectronique Drawdio! Avec Drawdio tu pourras jouer de l\u2019instrument de musique de ton choix avec tes doigts! Il suffit de le dessiner sur une simple feuille avec un crayon en papier!<br>Tu pourras emporter ton Drawdio avec toi.<br>Horaire: 14h-16h<br><br><br>(en partenariat avec le <a href=\"http:\/\/www.cpne.ch\" target=\"_blank\">CPNE<\/a>)<\/p><\/div><\/div>\t\t<\/div>\n\t\t\t\t<\/div>\n\t\t\t\t\t\t<\/div>\n\t\t\t<\/div>\n\t\t<\/div>\n\t\t\t\t\t\t<\/div>\n\t\t\t<\/div>\n\t\t<\/section>\n\t\t\t\t<section data-id=\"a4df7cf\" class=\"elementor-element elementor-element-a4df7cf elementor-section-boxed elementor-section-height-default elementor-section-height-default elementor-section elementor-top-section\" data-element_type=\"section\">\n\t\t\t\t\t\t<div class=\"elementor-container elementor-column-gap-wider\">\n\t\t\t\t<div class=\"elementor-row\">\n\t\t\t\t<div data-id=\"256f5fb\" class=\"elementor-element elementor-element-256f5fb elementor-column elementor-col-50 elementor-top-column\" data-element_type=\"column\">\n\t\t\t<div class=\"elementor-column-wrap elementor-element-populated\">\n\t\t\t\t\t<div class=\"elementor-widget-wrap\">\n\t\t\t\t<div data-id=\"bf80131\" class=\"elementor-element elementor-element-bf80131 elementor-position-top elementor-vertical-align-top elementor-widget elementor-widget-image-box\" data-element_type=\"image-box.default\">\n\t\t\t\t<div class=\"elementor-widget-container\">\n\t\t\t<div class=\"elementor-image-box-wrapper\"><figure class=\"elementor-image-box-img\"><img width=\"2560\" height=\"1920\" src=\"https:\/\/www.fsrm-kids.ch\/site\/wp-content\/uploads\/2024\/05\/Mister-Bender-scaled.jpg\" class=\"attachment-full size-full\" alt=\"\" loading=\"lazy\" srcset=\"https:\/\/www.fsrm-kids.ch\/site\/wp-content\/uploads\/2024\/05\/Mister-Bender-scaled.jpg 2560w, https:\/\/www.fsrm-kids.ch\/site\/wp-content\/uploads\/2024\/05\/Mister-Bender-300x225.jpg 300w, https:\/\/www.fsrm-kids.ch\/site\/wp-content\/uploads\/2024\/05\/Mister-Bender-1024x768.jpg 1024w, https:\/\/www.fsrm-kids.ch\/site\/wp-content\/uploads\/2024\/05\/Mister-Bender-768x576.jpg 768w, https:\/\/www.fsrm-kids.ch\/site\/wp-content\/uploads\/2024\/05\/Mister-Bender-1536x1152.jpg 1536w, https:\/\/www.fsrm-kids.ch\/site\/wp-content\/uploads\/2024\/05\/Mister-Bender-2048x1536.jpg 2048w\" sizes=\"(max-width: 2560px) 100vw, 2560px\" \/><\/figure><div class=\"elementor-image-box-content\"><h3 class=\"elementor-image-box-title\">Mister Bender<\/h3><p class=\"elementor-image-box-description\"><b>Atelier d'\u00e9lectronique et capteurs.<\/b><br>D\u00e9couvre comment fonctionne un capteur en construisant Mister Bender : le robot qui r\u00e9agit au son! <br>Tu pourras emporter Mister Bender avec toi. <br>Horaire: 14h-16h<br><br>(en partenariat avec la soci\u00e9t\u00e9 <a href=\"http:\/\/www.melexis.com\" target=\"_blank\">Melexis<\/a>)<br><\/p><\/div><\/div>\t\t<\/div>\n\t\t\t\t<\/div>\n\t\t\t\t\t\t<\/div>\n\t\t\t<\/div>\n\t\t<\/div>\n\t\t\t\t<div data-id=\"11a7f3e\" class=\"elementor-element elementor-element-11a7f3e elementor-column elementor-col-50 elementor-top-column\" data-element_type=\"column\">\n\t\t\t<div class=\"elementor-column-wrap elementor-element-populated\">\n\t\t\t\t\t<div class=\"elementor-widget-wrap\">\n\t\t\t\t<div data-id=\"50e2bad\" class=\"elementor-element elementor-element-50e2bad elementor-position-top elementor-vertical-align-top elementor-widget elementor-widget-image-box\" data-element_type=\"image-box.default\">\n\t\t\t\t<div class=\"elementor-widget-container\">\n\t\t\t<div class=\"elementor-image-box-wrapper\"><figure class=\"elementor-image-box-img\"><img width=\"200\" height=\"160\" src=\"https:\/\/www.fsrm-kids.ch\/site\/wp-content\/uploads\/2018\/12\/lampedepoche200X160.jpg\" class=\"attachment-full size-full\" alt=\"\" loading=\"lazy\" \/><\/figure><div class=\"elementor-image-box-content\"><h3 class=\"elementor-image-box-title\">Lampe de poche LED<\/h3><p class=\"elementor-image-box-description\"><b>Atelier de microm\u00e9canique.<\/b><br>\nD\u00e9couvre la microm\u00e9canique \u2013 \u00e0 l'aide de diverses machines, r\u00e9alise et assemble les pi\u00e8ces d'une petite lampe de poche \u00e0 LED, utilisable comme porte-cl\u00e9 et que tu pourras emporter avec toi en fin d'atelier.<br>Horaire: 13h30-16h30<br>\n(en partenariat avec le <a href=\"http:\/\/www.cpne.ch\/et\" target=\"_blank\">CPNE<\/a> et le <a href=\"http:\/\/www.ceff.ch\" target=\"_blank\">CEFF<\/a> )<\/p><\/div><\/div>\t\t<\/div>\n\t\t\t\t<\/div>\n\t\t\t\t\t\t<\/div>\n\t\t\t<\/div>\n\t\t<\/div>\n\t\t\t\t\t\t<\/div>\n\t\t\t<\/div>\n\t\t<\/section>\n\t\t\t\t<section data-id=\"2479adf\" class=\"elementor-element elementor-element-2479adf elementor-section-boxed elementor-section-height-default elementor-section-height-default elementor-section elementor-top-section\" data-element_type=\"section\">\n\t\t\t\t\t\t<div class=\"elementor-container elementor-column-gap-wider\">\n\t\t\t\t<div class=\"elementor-row\">\n\t\t\t\t<div data-id=\"7dbcf06\" class=\"elementor-element elementor-element-7dbcf06 elementor-column elementor-col-50 elementor-top-column\" data-element_type=\"column\">\n\t\t\t<div class=\"elementor-column-wrap elementor-element-populated\">\n\t\t\t\t\t<div class=\"elementor-widget-wrap\">\n\t\t\t\t<div data-id=\"ccc7172\" class=\"elementor-element elementor-element-ccc7172 elementor-position-top elementor-vertical-align-top elementor-widget elementor-widget-image-box\" data-element_type=\"image-box.default\">\n\t\t\t\t<div class=\"elementor-widget-container\">\n\t\t\t<div class=\"elementor-image-box-wrapper\"><figure class=\"elementor-image-box-img\"><img width=\"225\" height=\"300\" src=\"https:\/\/www.fsrm-kids.ch\/site\/wp-content\/uploads\/2020\/12\/IMG_9189-225x300.jpg\" class=\"attachment-medium size-medium\" alt=\"\" loading=\"lazy\" srcset=\"https:\/\/www.fsrm-kids.ch\/site\/wp-content\/uploads\/2020\/12\/IMG_9189-225x300.jpg 225w, https:\/\/www.fsrm-kids.ch\/site\/wp-content\/uploads\/2020\/12\/IMG_9189-768x1024.jpg 768w, https:\/\/www.fsrm-kids.ch\/site\/wp-content\/uploads\/2020\/12\/IMG_9189-1152x1536.jpg 1152w, https:\/\/www.fsrm-kids.ch\/site\/wp-content\/uploads\/2020\/12\/IMG_9189-1536x2048.jpg 1536w, https:\/\/www.fsrm-kids.ch\/site\/wp-content\/uploads\/2020\/12\/IMG_9189-scaled.jpg 1920w\" sizes=\"(max-width: 225px) 100vw, 225px\" \/><\/figure><div class=\"elementor-image-box-content\"><h3 class=\"elementor-image-box-title\">Boussole \u00e9lectronique<\/h3><p class=\"elementor-image-box-description\"><b>Atelier d'\u00e9lectronique et capteurs.<\/b><br>D\u00e9couvre comment fonctionne un capteur en construisant une Boussole \u00e9lectronique avec lampe de poche.<br>Tu pourras emporter la boussole avec toi. <br>Horaire: 14h-16h<br><br>(en partenariat avec la soci\u00e9t\u00e9 <a href=\"http:\/\/www.melexis.com\" target=\"_blank\">Melexis<\/a>)<br><\/p><\/div><\/div>\t\t<\/div>\n\t\t\t\t<\/div>\n\t\t\t\t\t\t<\/div>\n\t\t\t<\/div>\n\t\t<\/div>\n\t\t\t\t<div data-id=\"9939f32\" class=\"elementor-element elementor-element-9939f32 elementor-column elementor-col-50 elementor-top-column\" data-element_type=\"column\">\n\t\t\t<div class=\"elementor-column-wrap elementor-element-populated\">\n\t\t\t\t\t<div class=\"elementor-widget-wrap\">\n\t\t\t\t<div data-id=\"157804d\" class=\"elementor-element elementor-element-157804d elementor-position-top elementor-vertical-align-top elementor-widget elementor-widget-image-box\" data-element_type=\"image-box.default\">\n\t\t\t\t<div class=\"elementor-widget-container\">\n\t\t\t<div class=\"elementor-image-box-wrapper\"><figure class=\"elementor-image-box-img\"><img width=\"300\" height=\"247\" src=\"https:\/\/www.fsrm-kids.ch\/site\/wp-content\/uploads\/2025\/07\/Sablier-300x247.png\" class=\"attachment-medium size-medium\" alt=\"\" loading=\"lazy\" srcset=\"https:\/\/www.fsrm-kids.ch\/site\/wp-content\/uploads\/2025\/07\/Sablier-300x247.png 300w, https:\/\/www.fsrm-kids.ch\/site\/wp-content\/uploads\/2025\/07\/Sablier.png 598w\" sizes=\"(max-width: 300px) 100vw, 300px\" \/><\/figure><div class=\"elementor-image-box-content\"><h3 class=\"elementor-image-box-title\">NEOSAND<\/h3><p class=\"elementor-image-box-description\"><b>Atelier d\u2019introduction au brasage de composant, \u00e0 l\u2019\u00e9lectronique et \u00e0 la programmation.<\/b><br>Viens r\u00e9aliser un sablier \u00e9lectronique et assembler quelques composants. Tu vas pouvoir t\u2019amuser et programmer des animations sur les leds. Tu choisiras les temps propos\u00e9s, par exemple pour les jeux de soci\u00e9t\u00e9 ou la cuisson des \u0153ufs.  <br>Bien s\u00fbr \u00e0 la fin du projet, tu pourras repartir avec ! <br>Horaire: 14h-16h<br><br>(en partenariat avec le <a href=\"http:\/\/www.ceff.ch\" target=\"_blank\">CEFF<\/a>)<\/p><\/div><\/div>\t\t<\/div>\n\t\t\t\t<\/div>\n\t\t\t\t\t\t<\/div>\n\t\t\t<\/div>\n\t\t<\/div>\n\t\t\t\t\t\t<\/div>\n\t\t\t<\/div>\n\t\t<\/section>\n\t\t\t\t<section data-id=\"f51b66d\" class=\"elementor-element elementor-element-f51b66d elementor-section-boxed elementor-section-height-default elementor-section-height-default elementor-section elementor-top-section\" data-element_type=\"section\">\n\t\t\t\t\t\t<div class=\"elementor-container elementor-column-gap-wider\">\n\t\t\t\t<div class=\"elementor-row\">\n\t\t\t\t<div data-id=\"f42050b\" class=\"elementor-element elementor-element-f42050b elementor-column elementor-col-50 elementor-top-column\" data-element_type=\"column\">\n\t\t\t<div class=\"elementor-column-wrap elementor-element-populated\">\n\t\t\t\t\t<div class=\"elementor-widget-wrap\">\n\t\t\t\t<div data-id=\"9797a52\" class=\"elementor-element elementor-element-9797a52 elementor-position-top elementor-vertical-align-top elementor-widget elementor-widget-image-box\" data-element_type=\"image-box.default\">\n\t\t\t\t<div class=\"elementor-widget-container\">\n\t\t\t<div class=\"elementor-image-box-wrapper\"><figure class=\"elementor-image-box-img\"><img width=\"300\" height=\"300\" src=\"https:\/\/www.fsrm-kids.ch\/site\/wp-content\/uploads\/2026\/01\/MechARMtronik-web-300x300.jpg\" class=\"attachment-medium size-medium\" alt=\"\" loading=\"lazy\" srcset=\"https:\/\/www.fsrm-kids.ch\/site\/wp-content\/uploads\/2026\/01\/MechARMtronik-web-300x300.jpg 300w, https:\/\/www.fsrm-kids.ch\/site\/wp-content\/uploads\/2026\/01\/MechARMtronik-web-1024x1024.jpg 1024w, https:\/\/www.fsrm-kids.ch\/site\/wp-content\/uploads\/2026\/01\/MechARMtronik-web-150x150.jpg 150w, https:\/\/www.fsrm-kids.ch\/site\/wp-content\/uploads\/2026\/01\/MechARMtronik-web-768x768.jpg 768w, https:\/\/www.fsrm-kids.ch\/site\/wp-content\/uploads\/2026\/01\/MechARMtronik-web.jpg 1200w\" sizes=\"(max-width: 300px) 100vw, 300px\" \/><\/figure><div class=\"elementor-image-box-content\"><h3 class=\"elementor-image-box-title\">MechARMtronik<\/h3><p class=\"elementor-image-box-description\"><b>Atelier de robotique.<\/b><br>D\u00e9couvre tous les aspects de la robotique en t\u2019attaquant \u00e0 la m\u00e9canique, l\u2019\u00e9lectronique et la programmation d\u2019un bras robotique 5-DOF. Une fois assembl\u00e9, tu pourras le programmer pour qu\u2019il fasse tout ce que tu veux et ensuite repartir avec.<br>Horaire: 14h-16h<br><br>(en partenariat avec <a href=\"http:\/\/www.robopoly.ch\/\" target=\"_blank\">Robopoly<\/a>)<br><\/p><\/div><\/div>\t\t<\/div>\n\t\t\t\t<\/div>\n\t\t\t\t\t\t<\/div>\n\t\t\t<\/div>\n\t\t<\/div>\n\t\t\t\t<div data-id=\"9d6cb3f\" class=\"elementor-element elementor-element-9d6cb3f elementor-column elementor-col-50 elementor-top-column\" data-element_type=\"column\">\n\t\t\t<div class=\"elementor-column-wrap\">\n\t\t\t\t\t<div class=\"elementor-widget-wrap\">\n\t\t\t\t\t\t<\/div>\n\t\t\t<\/div>\n\t\t<\/div>\n\t\t\t\t\t\t<\/div>\n\t\t\t<\/div>\n\t\t<\/section>\n\t\t\t\t\t\t<\/div>\n\t\t\t<\/div>\n\t\t<\/div>\n\t\t","protected":false},"excerpt":{"rendered":"<p>Pour les enfants de 7 \u00e0 10 ans Bricolages solaires Un atelier d&#8217;introduction \u00e0 l&#8217;\u00e9nergie solaire. Invente et bricole l\u2019objet solaire de ton choix et rends le mobile gr\u00e2ce \u00e0 l\u2019\u00e9nergie solaire. Tu pourras l\u2019emporter \u00e0 la maison \u00e0 la fin de l\u2019atelier!Horaire: 14h-16h Thymio le petit robot Un atelier d&#8217;introduction \u00e0 la robotique.Viens d\u00e9couvrir [&hellip;]<\/p>\n","protected":false},"author":3,"featured_media":0,"parent":0,"menu_order":0,"comment_status":"closed","ping_status":"closed","template":"","meta":[],"_links":{"self":[{"href":"https:\/\/www.fsrm-kids.ch\/site\/wp-json\/wp\/v2\/pages\/1292"}],"collection":[{"href":"https:\/\/www.fsrm-kids.ch\/site\/wp-json\/wp\/v2\/pages"}],"about":[{"href":"https:\/\/www.fsrm-kids.ch\/site\/wp-json\/wp\/v2\/types\/page"}],"author":[{"embeddable":true,"href":"https:\/\/www.fsrm-kids.ch\/site\/wp-json\/wp\/v2\/users\/3"}],"replies":[{"embeddable":true,"href":"https:\/\/www.fsrm-kids.ch\/site\/wp-json\/wp\/v2\/comments?post=1292"}],"version-history":[{"count":39,"href":"https:\/\/www.fsrm-kids.ch\/site\/wp-json\/wp\/v2\/pages\/1292\/revisions"}],"predecessor-version":[{"id":2717,"href":"https:\/\/www.fsrm-kids.ch\/site\/wp-json\/wp\/v2\/pages\/1292\/revisions\/2717"}],"wp:attachment":[{"href":"https:\/\/www.fsrm-kids.ch\/site\/wp-json\/wp\/v2\/media?parent=1292"}],"curies":[{"name":"wp","href":"https:\/\/api.w.org\/{rel}","templated":true}]}}